{"id":243291,"date":"2022-04-07T19:25:18","date_gmt":"2022-04-07T19:25:18","guid":{"rendered":"https:\/\/bccf.countyofberks.com\/sobre-el-proyecto\/"},"modified":"2022-08-09T16:26:32","modified_gmt":"2022-08-09T16:26:32","slug":"sobre-el-proyecto","status":"publish","type":"page","link":"https:\/\/bccf.countyofberks.com\/es\/sobre-el-proyecto\/","title":{"rendered":"SOBRE EL PROYECTO"},"content":{"rendered":"<p>[et_pb_section fb_built=\u00bb1&#8243; custom_padding_last_edited=\u00bbon|phone\u00bb _builder_version=\u00bb4.17.0&#8243; _module_preset=\u00bbdefault\u00bb background_enable_color=\u00bboff\u00bb background_image=\u00bbhttps:\/\/bccf.countyofberks.com\/wp-content\/uploads\/2022\/04\/Berks-Co-Site_edited-scaled.jpg\u00bb parallax=\u00bbon\u00bb custom_padding=\u00bb122px||0px||false|false\u00bb custom_padding_tablet=\u00bb70px||70px||true|false\u00bb custom_padding_phone=\u00bb40px||40px||true|false\u00bb hover_enabled=\u00bb0&#8243; custom_css_after=\u00bbcontent: %22%22;||width: 100%;||height: 100%;||top: 0;||position: absolute;||background: rgba(0,0,0,0.59)\u00bb da_disable_devices=\u00bboff|off|off\u00bb locked=\u00bboff\u00bb global_colors_info=\u00bb{}\u00bb title_text=\u00bbBerks Co Site_edited\u00bb sticky_enabled=\u00bb0&#8243; da_is_popup=\u00bboff\u00bb da_exit_intent=\u00bboff\u00bb da_has_close=\u00bbon\u00bb da_alt_close=\u00bboff\u00bb da_dark_close=\u00bboff\u00bb da_not_modal=\u00bbon\u00bb da_is_singular=\u00bboff\u00bb da_with_loader=\u00bboff\u00bb da_has_shadow=\u00bbon\u00bb][et_pb_row _builder_version=\u00bb4.16&#8243; _module_preset=\u00bbdefault\u00bb width=\u00bb92%\u00bb max_width=\u00bb97%\u00bb custom_padding=\u00bb||90px||false|false\u00bb global_colors_info=\u00bb{}\u00bb][et_pb_column type=\u00bb4_4&#8243; _builder_version=\u00bb4.16&#8243; _module_preset=\u00bbdefault\u00bb global_colors_info=\u00bb{}\u00bb][et_pb_text _builder_version=\u00bb4.17.0&#8243; _module_preset=\u00bbdefault\u00bb header_font_size=\u00bb57px\u00bb global_colors_info=\u00bb{}\u00bb]<\/p>\n<h1>SOBRE EL PROYECTO<\/h1>\n<p>[\/et_pb_text][\/et_pb_column][\/et_pb_row][\/et_pb_section][et_pb_section fb_built=\u00bb1&#8243; custom_padding_last_edited=\u00bbon|phone\u00bb _builder_version=\u00bb4.17.0&#8243; _module_preset=\u00bbdefault\u00bb background_color=\u00bb#FFFFFF\u00bb custom_padding=\u00bb1px||0px||false|false\u00bb custom_padding_tablet=\u00bb26px||0px||false|false\u00bb custom_padding_phone=\u00bb40px||40px||true|false\u00bb da_disable_devices=\u00bboff|off|off\u00bb locked=\u00bboff\u00bb global_colors_info=\u00bb{}\u00bb da_is_popup=\u00bboff\u00bb da_exit_intent=\u00bboff\u00bb da_has_close=\u00bbon\u00bb da_alt_close=\u00bboff\u00bb da_dark_close=\u00bboff\u00bb da_not_modal=\u00bbon\u00bb da_is_singular=\u00bboff\u00bb da_with_loader=\u00bboff\u00bb da_has_shadow=\u00bbon\u00bb][et_pb_row column_structure=\u00bb1_2,1_2&#8243; use_custom_gutter=\u00bbon\u00bb gutter_width=\u00bb1&#8243; make_equal=\u00bbon\u00bb custom_padding_last_edited=\u00bbon|tablet\u00bb _builder_version=\u00bb4.17.0&#8243; _module_preset=\u00bbdefault\u00bb width=\u00bb100%\u00bb max_width=\u00bb106%\u00bb custom_margin_tablet=\u00bb0px||0px||false|false\u00bb custom_margin_phone=\u00bb\u00bb custom_margin_last_edited=\u00bbon|tablet\u00bb custom_padding=\u00bb75px||75px||true|false\u00bb custom_padding_tablet=\u00bb0px||0px||true|false\u00bb custom_padding_phone=\u00bb0px|0px|0px|0px|true|true\u00bb global_colors_info=\u00bb{}\u00bb][et_pb_column type=\u00bb1_2&#8243; _builder_version=\u00bb4.17.0&#8243; _module_preset=\u00bbdefault\u00bb background_enable_color=\u00bboff\u00bb custom_padding=\u00bb2rem|4rem|2rem|4rem|true|true\u00bb custom_padding_tablet=\u00bb2rem|4rem|2rem|4rem|true|true\u00bb custom_padding_phone=\u00bb2rem|25px|2rem|25px|true|true\u00bb custom_padding_last_edited=\u00bbon|phone\u00bb custom_css_main_element=\u00bbdisplay: flex !important;||flex-direction: column !important;||justify-content: center !important;\u00bb global_colors_info=\u00bb{}\u00bb custom_css_main_element_last_edited=\u00bboff|tablet\u00bb][et_pb_text _builder_version=\u00bb4.17.0&#8243; _module_preset=\u00bbdefault\u00bb header_2_font=\u00bb|800||on|||||\u00bb header_2_text_color=\u00bb#6A8C7D\u00bb header_2_font_size=\u00bb38px\u00bb custom_margin=\u00bb||1px||false|false\u00bb header_text_align_tablet=\u00bb\u00bb header_text_align_phone=\u00bb\u00bb header_text_align_last_edited=\u00bbon|desktop\u00bb header_2_text_align_tablet=\u00bbcenter\u00bb header_2_text_align_phone=\u00bb\u00bb header_2_text_align_last_edited=\u00bbon|tablet\u00bb header_2_font_size_tablet=\u00bb28px\u00bb header_2_font_size_phone=\u00bb26px\u00bb header_2_font_size_last_edited=\u00bbon|tablet\u00bb locked=\u00bboff\u00bb global_colors_info=\u00bb{}\u00bb]<\/p>\n<h2 style=\"text-align: left;\">EL RETO<\/h2>\n<p>[\/et_pb_text][et_pb_text _builder_version=\u00bb4.17.0&#8243; _module_preset=\u00bbdefault\u00bb text_line_height=\u00bb1.5em\u00bb locked=\u00bboff\u00bb global_colors_info=\u00bb{}\u00bb]En los \u00faltimos 10 a\u00f1os, la justicia criminal a trav\u00e9s del pa\u00eds ha cambiado grandemente y el enfoque de justicia y confinamiento en el Condado Berks tambi\u00e9n ha sido modernizado.<br \/>\n[\/et_pb_text][et_pb_text _builder_version=\u00bb4.17.0&#8243; _module_preset=\u00bbdefault\u00bb header_2_font=\u00bb|800||on|||||\u00bb header_2_text_color=\u00bb#6A8C7D\u00bb header_2_font_size=\u00bb38px\u00bb custom_margin=\u00bb32px||1px||false|false\u00bb header_text_align_tablet=\u00bb\u00bb header_text_align_phone=\u00bb\u00bb header_text_align_last_edited=\u00bbon|desktop\u00bb header_2_text_align_tablet=\u00bbcenter\u00bb header_2_text_align_phone=\u00bb\u00bb header_2_text_align_last_edited=\u00bbon|tablet\u00bb header_2_font_size_tablet=\u00bb28px\u00bb header_2_font_size_phone=\u00bb26px\u00bb header_2_font_size_last_edited=\u00bbon|tablet\u00bb locked=\u00bboff\u00bb global_colors_info=\u00bb{}\u00bb]<\/p>\n<h2 style=\"text-align: left;\">LA OPORTUNIDAD<\/h2>\n<p>[\/et_pb_text][et_pb_text _builder_version=\u00bb4.17.0&#8243; _module_preset=\u00bbdefault\u00bb text_line_height=\u00bb1.5em\u00bb custom_padding=\u00bb||1px|||\u00bb locked=\u00bboff\u00bb global_colors_info=\u00bb{}\u00bb]La Junta de Comisionados del Condado Berks recomienda la evaluaci\u00f3n de una nueva instalaci\u00f3n. Basado en la apreciaci\u00f3n y pron\u00f3stico de la poblaci\u00f3n, el entendimiento de las tendencias judiciales y el estudio exhaustivo de la instalaci\u00f3n actual, ser\u00e1 considerablemente m\u00e1s econ\u00f3mico construir una nueva instalaci\u00f3n en vez de renovar la existente. Con un espacio m\u00e1s eficiente y sostenible para los empleados, visitantes y encarcelados temporeros, as\u00ed como la creaci\u00f3n de un espacio flexible para rehabilitaci\u00f3n y educaci\u00f3n, los confinados de las Facilidades Correccionales del Condado Berks estar\u00e1n major preparados para reintegrarse a la comunidad de una manera productiva.<br \/>\n[\/et_pb_text][\/et_pb_column][et_pb_column type=\u00bb1_2&#8243; _builder_version=\u00bb4.16&#8243; _module_preset=\u00bbdefault\u00bb global_colors_info=\u00bb{}\u00bb][et_pb_divider show_divider=\u00bboff\u00bb _builder_version=\u00bb4.17.0&#8243; _module_preset=\u00bbdefault\u00bb background_image=\u00bbhttps:\/\/bccf.countyofberks.com\/wp-content\/uploads\/2022\/05\/AdobeStock_181014946_Preview-e1654023348416.jpeg\u00bb parallax=\u00bbon\u00bb width=\u00bb72%\u00bb module_alignment=\u00bbcenter\u00bb min_height=\u00bb392px\u00bb custom_margin=\u00bb50px||50px||true|false\u00bb box_shadow_style=\u00bbpreset3&#8243; global_colors_info=\u00bb{}\u00bb][\/et_pb_divider][\/et_pb_column][\/et_pb_row][\/et_pb_section][et_pb_section fb_built=\u00bb1&#8243; custom_padding_last_edited=\u00bbon|tablet\u00bb _builder_version=\u00bb4.17.0&#8243; _module_preset=\u00bbdefault\u00bb background_color=\u00bb#e6e7eb\u00bb custom_padding=\u00bb80px|||||\u00bb custom_padding_tablet=\u00bb70px||0px||false|false\u00bb custom_padding_phone=\u00bb70px||0px||false|false\u00bb da_disable_devices=\u00bboff|off|off\u00bb global_colors_info=\u00bb{}\u00bb da_is_popup=\u00bboff\u00bb da_exit_intent=\u00bboff\u00bb da_has_close=\u00bbon\u00bb da_alt_close=\u00bboff\u00bb da_dark_close=\u00bboff\u00bb da_not_modal=\u00bbon\u00bb da_is_singular=\u00bboff\u00bb da_with_loader=\u00bboff\u00bb da_has_shadow=\u00bbon\u00bb][et_pb_row column_structure=\u00bb3_5,2_5&#8243; _builder_version=\u00bb4.17.0&#8243; _module_preset=\u00bbdefault\u00bb width=\u00bb92%\u00bb max_width=\u00bb100%\u00bb custom_padding=\u00bb0px|||||\u00bb global_colors_info=\u00bb{}\u00bb][et_pb_column type=\u00bb3_5&#8243; _builder_version=\u00bb4.16.0&#8243; _module_preset=\u00bbdefault\u00bb global_colors_info=\u00bb{}\u00bb][et_pb_text _builder_version=\u00bb4.17.0&#8243; _module_preset=\u00bbdefault\u00bb header_2_font=\u00bb|800||on|||||\u00bb header_2_text_color=\u00bb#6A8C7D\u00bb header_2_font_size=\u00bb38px\u00bb header_text_align_tablet=\u00bb\u00bb header_text_align_phone=\u00bb\u00bb header_text_align_last_edited=\u00bbon|desktop\u00bb header_2_text_align_tablet=\u00bbcenter\u00bb header_2_text_align_phone=\u00bbcenter\u00bb header_2_text_align_last_edited=\u00bbon|tablet\u00bb header_2_font_size_tablet=\u00bb28px\u00bb header_2_font_size_phone=\u00bb26px\u00bb header_2_font_size_last_edited=\u00bbon|tablet\u00bb global_colors_info=\u00bb{}\u00bb]<\/p>\n<h2 style=\"text-align: left;\">EL COMIT\u00c9 DIRECTIVO<\/h2>\n<p style=\"text-align: left;\">El Comit\u00e9 Directivo se reune los jueves a la 1PM. Las juntas est\u00e1n abiertas al p\u00fablico y se llevan a cabo s\u00f3lo en persona en el Berks County Services Center, 633 Court Street, Piso 13 \u2013 Commissioners\u2019 Boardroom, Reading, PA 19601. Las agendas estar\u00e1n disponibles al menos 24 horas antes de la reuni\u00f3n.<\/p>\n<p style=\"text-align: left;\">El comit\u00e9 incluye a:<\/p>\n<p style=\"text-align: left;\"><strong>Kevin Barnhardt<\/strong>, Comisionado y Presidente<br \/>\n<strong>Jeffrey Smith<\/strong>, Guardi\u00e1n<br \/>\n<strong>Robert Williams<\/strong>, Jefe Retirado APO\/JPO<br \/>\n<strong>Ronald Seaman<\/strong>, Principal Oficial Administrativo<br \/>\n<strong>Stephanie Weaver<\/strong>, Oficial de Relaciones P\u00fablicas<\/p>\n<h2 style=\"text-align: left;\">EQUIPO DEL PROYECTO<\/h2>\n<p style=\"text-align: left;\"><strong>CGL<\/strong> &#8211; Representante del Due\u00f1o, <a href=\"https:\/\/CGLcompanies.com\" target=\"_blank\" rel=\"noopener\">CGLcompanies.com<\/a><\/p>\n<p>[\/et_pb_text][\/et_pb_column][et_pb_column type=\u00bb2_5&#8243; _builder_version=\u00bb4.16.0&#8243; _module_preset=\u00bbdefault\u00bb global_colors_info=\u00bb{}\u00bb][et_pb_text _builder_version=\u00bb4.17.0&#8243; _module_preset=\u00bbdefault\u00bb header_2_font=\u00bb|800||on|||||\u00bb header_2_text_color=\u00bb#6A8C7D\u00bb header_2_font_size=\u00bb38px\u00bb header_text_align_tablet=\u00bb\u00bb header_text_align_phone=\u00bb\u00bb header_text_align_last_edited=\u00bbon|desktop\u00bb header_2_text_align_tablet=\u00bbcenter\u00bb header_2_text_align_phone=\u00bbcenter\u00bb header_2_text_align_last_edited=\u00bbon|tablet\u00bb header_2_font_size_tablet=\u00bb28px\u00bb header_2_font_size_phone=\u00bb26px\u00bb header_2_font_size_last_edited=\u00bbon|tablet\u00bb global_colors_info=\u00bb{}\u00bb]<\/p>\n<h2 style=\"text-align: left;\">LOCALIZACI\u00d3N<\/h2>\n<p style=\"text-align: left;\">County Welfare Rd, Leesport, PA 19533<\/p>\n<p style=\"text-align: left;\">Cercano a las facilidades actuales.<\/p>\n<h2 style=\"text-align: left;\">FINANCIACI\u00d3N<\/h2>\n<p style=\"text-align: left;\">Una vez sea completada la fase de planeamiento, el Condado, junto a sus consultores financieros, evaluar\u00e1n la manera m\u00e1s eficiente y econ\u00f3mica de pagar por las nuevas nuevas facilidades correccionales.<\/p>\n<h2 style=\"text-align: left;\">SOSTENIBILIDAD<\/h2>\n<p style=\"text-align: left;\">El Condado de Berks responder\u00e1 a las necesidades de la comunidad, planeando y construyendo unas facilidades correccionales que sean seguras, sostenibles y que permitan un confinamiento digno. Nuestra intenci\u00f3n es promover y fomentar el uso de pr\u00e1cticas sostenibles que apoyen una cosntrucci\u00f3n y operaciones de alta calidad a la vez que prioriza la salud y bienestar de empleados y encarcelados temporeros dentro de las facilidades. Descubra m\u00e1s del enfoque del Condado sobre la sostenibilidad de las facilidades, <a href=\"\/download\/243473\/\">aqu\u00ed<\/a>.\u00a0<\/p>\n<p>[\/et_pb_text][et_pb_code _builder_version=\u00bb4.17.0&#8243; _module_preset=\u00bbdefault\u00bb global_colors_info=\u00bb{}\u00bb]<pee style=\"text-align: left;\">\n<style><!-- [et_pb_line_break_holder] --><!-- [et_pb_line_break_holder] -->.et_parallax_bg {<!-- [et_pb_line_break_holder] -->  background-position: center -100px ; <!-- [et_pb_line_break_holder] -->}<!-- [et_pb_line_break_holder] --><\/style>\n<\/pee><!-- [et_pb_line_break_holder] -->[\/et_pb_code][\/et_pb_column][\/et_pb_row][\/et_pb_section]<\/p>\n","protected":false},"excerpt":{"rendered":"<p>SOBRE EL PROYECTO EL RETO En los \u00faltimos 10 a\u00f1os, la justicia criminal a trav\u00e9s del pa\u00eds ha cambiado grandemente y el enfoque de justicia y confinamiento en el Condado Berks tambi\u00e9n ha sido modernizado. LA OPORTUNIDAD La Junta de Comisionados del Condado Berks recomienda la evaluaci\u00f3n de una nueva instalaci\u00f3n. Basado en la apreciaci\u00f3n [&hellip;]<\/p>\n","protected":false},"author":1,"featured_media":0,"parent":0,"menu_order":4,"comment_status":"closed","ping_status":"closed","template":"","meta":{"_et_pb_use_builder":"on","_et_pb_old_content":"","_et_gb_content_width":"","footnotes":""},"dipi_cpt_category":[],"class_list":["post-243291","page","type-page","status-publish","hentry"],"yoast_head":"<!-- This site is optimized with the Yoast SEO plugin v27.5 - https:\/\/yoast.com\/product\/yoast-seo-wordpress\/ -->\n<title>SOBRE EL PROYECTO - Berks County Correctional Facility<\/title>\n<meta name=\"robots\" content=\"index, follow, max-snippet:-1, max-image-preview:large, max-video-preview:-1\" \/>\n<link rel=\"canonical\" href=\"https:\/\/bccf.countyofberks.com\/es\/sobre-el-proyecto\/\" \/>\n<meta property=\"og:locale\" content=\"es_ES\" \/>\n<meta property=\"og:type\" content=\"article\" \/>\n<meta property=\"og:title\" content=\"SOBRE EL PROYECTO - Berks County Correctional Facility\" \/>\n<meta property=\"og:description\" content=\"SOBRE EL PROYECTO EL RETO En los \u00faltimos 10 a\u00f1os, la justicia criminal a trav\u00e9s del pa\u00eds ha cambiado grandemente y el enfoque de justicia y confinamiento en el Condado Berks tambi\u00e9n ha sido modernizado. LA OPORTUNIDAD La Junta de Comisionados del Condado Berks recomienda la evaluaci\u00f3n de una nueva instalaci\u00f3n. Basado en la apreciaci\u00f3n [&hellip;]\" \/>\n<meta property=\"og:url\" content=\"https:\/\/bccf.countyofberks.com\/es\/sobre-el-proyecto\/\" \/>\n<meta property=\"og:site_name\" content=\"Berks County Correctional Facility\" \/>\n<meta property=\"article:modified_time\" content=\"2022-08-09T16:26:32+00:00\" \/>\n<meta name=\"twitter:card\" content=\"summary_large_image\" \/>\n<meta name=\"twitter:label1\" content=\"Tiempo de lectura\" \/>\n\t<meta name=\"twitter:data1\" content=\"7 minutos\" \/>\n<script type=\"application\/ld+json\" class=\"yoast-schema-graph\">{\"@context\":\"https:\\\/\\\/schema.org\",\"@graph\":[{\"@type\":\"WebPage\",\"@id\":\"https:\\\/\\\/bccf.countyofberks.com\\\/es\\\/sobre-el-proyecto\\\/\",\"url\":\"https:\\\/\\\/bccf.countyofberks.com\\\/es\\\/sobre-el-proyecto\\\/\",\"name\":\"SOBRE EL PROYECTO - Berks County Correctional Facility\",\"isPartOf\":{\"@id\":\"https:\\\/\\\/bccf.countyofberks.com\\\/#website\"},\"datePublished\":\"2022-04-07T19:25:18+00:00\",\"dateModified\":\"2022-08-09T16:26:32+00:00\",\"breadcrumb\":{\"@id\":\"https:\\\/\\\/bccf.countyofberks.com\\\/es\\\/sobre-el-proyecto\\\/#breadcrumb\"},\"inLanguage\":\"es\",\"potentialAction\":[{\"@type\":\"ReadAction\",\"target\":[\"https:\\\/\\\/bccf.countyofberks.com\\\/es\\\/sobre-el-proyecto\\\/\"]}]},{\"@type\":\"BreadcrumbList\",\"@id\":\"https:\\\/\\\/bccf.countyofberks.com\\\/es\\\/sobre-el-proyecto\\\/#breadcrumb\",\"itemListElement\":[{\"@type\":\"ListItem\",\"position\":1,\"name\":\"Home\",\"item\":\"https:\\\/\\\/bccf.countyofberks.com\\\/es\\\/pagina-principal\\\/\"},{\"@type\":\"ListItem\",\"position\":2,\"name\":\"SOBRE EL PROYECTO\"}]},{\"@type\":\"WebSite\",\"@id\":\"https:\\\/\\\/bccf.countyofberks.com\\\/#website\",\"url\":\"https:\\\/\\\/bccf.countyofberks.com\\\/\",\"name\":\"Berks County Correctional Facility\",\"description\":\"Beta Site\",\"potentialAction\":[{\"@type\":\"SearchAction\",\"target\":{\"@type\":\"EntryPoint\",\"urlTemplate\":\"https:\\\/\\\/bccf.countyofberks.com\\\/?s={search_term_string}\"},\"query-input\":{\"@type\":\"PropertyValueSpecification\",\"valueRequired\":true,\"valueName\":\"search_term_string\"}}],\"inLanguage\":\"es\"}]}<\/script>\n<!-- \/ Yoast SEO plugin. -->","yoast_head_json":{"title":"SOBRE EL PROYECTO - Berks County Correctional Facility","robots":{"index":"index","follow":"follow","max-snippet":"max-snippet:-1","max-image-preview":"max-image-preview:large","max-video-preview":"max-video-preview:-1"},"canonical":"https:\/\/bccf.countyofberks.com\/es\/sobre-el-proyecto\/","og_locale":"es_ES","og_type":"article","og_title":"SOBRE EL PROYECTO - Berks County Correctional Facility","og_description":"SOBRE EL PROYECTO EL RETO En los \u00faltimos 10 a\u00f1os, la justicia criminal a trav\u00e9s del pa\u00eds ha cambiado grandemente y el enfoque de justicia y confinamiento en el Condado Berks tambi\u00e9n ha sido modernizado. LA OPORTUNIDAD La Junta de Comisionados del Condado Berks recomienda la evaluaci\u00f3n de una nueva instalaci\u00f3n. Basado en la apreciaci\u00f3n [&hellip;]","og_url":"https:\/\/bccf.countyofberks.com\/es\/sobre-el-proyecto\/","og_site_name":"Berks County Correctional Facility","article_modified_time":"2022-08-09T16:26:32+00:00","twitter_card":"summary_large_image","twitter_misc":{"Tiempo de lectura":"7 minutos"},"schema":{"@context":"https:\/\/schema.org","@graph":[{"@type":"WebPage","@id":"https:\/\/bccf.countyofberks.com\/es\/sobre-el-proyecto\/","url":"https:\/\/bccf.countyofberks.com\/es\/sobre-el-proyecto\/","name":"SOBRE EL PROYECTO - Berks County Correctional Facility","isPartOf":{"@id":"https:\/\/bccf.countyofberks.com\/#website"},"datePublished":"2022-04-07T19:25:18+00:00","dateModified":"2022-08-09T16:26:32+00:00","breadcrumb":{"@id":"https:\/\/bccf.countyofberks.com\/es\/sobre-el-proyecto\/#breadcrumb"},"inLanguage":"es","potentialAction":[{"@type":"ReadAction","target":["https:\/\/bccf.countyofberks.com\/es\/sobre-el-proyecto\/"]}]},{"@type":"BreadcrumbList","@id":"https:\/\/bccf.countyofberks.com\/es\/sobre-el-proyecto\/#breadcrumb","itemListElement":[{"@type":"ListItem","position":1,"name":"Home","item":"https:\/\/bccf.countyofberks.com\/es\/pagina-principal\/"},{"@type":"ListItem","position":2,"name":"SOBRE EL PROYECTO"}]},{"@type":"WebSite","@id":"https:\/\/bccf.countyofberks.com\/#website","url":"https:\/\/bccf.countyofberks.com\/","name":"Berks County Correctional Facility","description":"Beta Site","potentialAction":[{"@type":"SearchAction","target":{"@type":"EntryPoint","urlTemplate":"https:\/\/bccf.countyofberks.com\/?s={search_term_string}"},"query-input":{"@type":"PropertyValueSpecification","valueRequired":true,"valueName":"search_term_string"}}],"inLanguage":"es"}]}},"_links":{"self":[{"href":"https:\/\/bccf.countyofberks.com\/es\/wp-json\/wp\/v2\/pages\/243291","targetHints":{"allow":["GET"]}}],"collection":[{"href":"https:\/\/bccf.countyofberks.com\/es\/wp-json\/wp\/v2\/pages"}],"about":[{"href":"https:\/\/bccf.countyofberks.com\/es\/wp-json\/wp\/v2\/types\/page"}],"author":[{"embeddable":true,"href":"https:\/\/bccf.countyofberks.com\/es\/wp-json\/wp\/v2\/users\/1"}],"replies":[{"embeddable":true,"href":"https:\/\/bccf.countyofberks.com\/es\/wp-json\/wp\/v2\/comments?post=243291"}],"version-history":[{"count":22,"href":"https:\/\/bccf.countyofberks.com\/es\/wp-json\/wp\/v2\/pages\/243291\/revisions"}],"predecessor-version":[{"id":243550,"href":"https:\/\/bccf.countyofberks.com\/es\/wp-json\/wp\/v2\/pages\/243291\/revisions\/243550"}],"wp:attachment":[{"href":"https:\/\/bccf.countyofberks.com\/es\/wp-json\/wp\/v2\/media?parent=243291"}],"wp:term":[{"taxonomy":"dipi_cpt_category","embeddable":true,"href":"https:\/\/bccf.countyofberks.com\/es\/wp-json\/wp\/v2\/dipi_cpt_category?post=243291"}],"curies":[{"name":"wp","href":"https:\/\/api.w.org\/{rel}","templated":true}]}}