{"id":243306,"date":"2022-04-14T20:14:10","date_gmt":"2022-04-14T20:14:10","guid":{"rendered":"https:\/\/bccf.countyofberks.com\/sobre-el-proyecto\/preguntas-y-respuestas\/"},"modified":"2022-08-02T14:57:18","modified_gmt":"2022-08-02T14:57:18","slug":"preguntas-y-respuestas","status":"publish","type":"page","link":"https:\/\/bccf.countyofberks.com\/es\/sobre-el-proyecto\/preguntas-y-respuestas\/","title":{"rendered":"PREGUNTAS Y RESPUESTAS"},"content":{"rendered":"<p>[et_pb_section fb_built=\u00bb1&#8243; custom_padding_last_edited=\u00bbon|phone\u00bb _builder_version=\u00bb4.17.0&#8243; _module_preset=\u00bbdefault\u00bb background_enable_color=\u00bboff\u00bb background_image=\u00bbhttps:\/\/bccf.countyofberks.com\/wp-content\/uploads\/2022\/04\/AdobeStock_190729344_Preview.jpeg\u00bb parallax=\u00bbon\u00bb custom_padding=\u00bb122px||0px||false|false\u00bb custom_padding_tablet=\u00bb70px||70px||true|false\u00bb custom_padding_phone=\u00bb40px||40px||true|false\u00bb custom_css_after=\u00bbcontent: %22%22;||width: 100%;||height: 100%;||top: 0;||position: absolute;||background: rgba(0,0,0,0.59)\u00bb da_disable_devices=\u00bboff|off|off\u00bb locked=\u00bboff\u00bb global_colors_info=\u00bb{}\u00bb da_is_popup=\u00bboff\u00bb da_exit_intent=\u00bboff\u00bb da_has_close=\u00bbon\u00bb da_alt_close=\u00bboff\u00bb da_dark_close=\u00bboff\u00bb da_not_modal=\u00bbon\u00bb da_is_singular=\u00bboff\u00bb da_with_loader=\u00bboff\u00bb da_has_shadow=\u00bbon\u00bb][et_pb_row _builder_version=\u00bb4.16&#8243; _module_preset=\u00bbdefault\u00bb width=\u00bb92%\u00bb max_width=\u00bb97%\u00bb custom_padding=\u00bb||90px||false|false\u00bb global_colors_info=\u00bb{}\u00bb][et_pb_column type=\u00bb4_4&#8243; _builder_version=\u00bb4.16&#8243; _module_preset=\u00bbdefault\u00bb global_colors_info=\u00bb{}\u00bb][et_pb_text _builder_version=\u00bb4.17.0&#8243; _module_preset=\u00bbdefault\u00bb header_font_size=\u00bb57px\u00bb global_colors_info=\u00bb{}\u00bb]<\/p>\n<h1>PREGUNTAS Y RESPUESTAS<\/h1>\n<p>[\/et_pb_text][\/et_pb_column][\/et_pb_row][\/et_pb_section][et_pb_section fb_built=\u00bb1&#8243; custom_padding_last_edited=\u00bbon|phone\u00bb _builder_version=\u00bb4.16&#8243; _module_preset=\u00bbdefault\u00bb background_color=\u00bb#FFFFFF\u00bb custom_padding=\u00bb85px||85px||true|false\u00bb custom_padding_tablet=\u00bb70px||70px||true|false\u00bb custom_padding_phone=\u00bb40px||40px||true|false\u00bb da_disable_devices=\u00bboff|off|off\u00bb global_colors_info=\u00bb{}\u00bb da_is_popup=\u00bboff\u00bb da_exit_intent=\u00bboff\u00bb da_has_close=\u00bbon\u00bb da_alt_close=\u00bboff\u00bb da_dark_close=\u00bboff\u00bb da_not_modal=\u00bbon\u00bb da_is_singular=\u00bboff\u00bb da_with_loader=\u00bboff\u00bb da_has_shadow=\u00bbon\u00bb][et_pb_row _builder_version=\u00bb4.17.0&#8243; _module_preset=\u00bbdefault\u00bb width=\u00bb92%\u00bb max_width=\u00bb100%\u00bb custom_padding=\u00bb0px|||||\u00bb global_colors_info=\u00bb{}\u00bb][et_pb_column type=\u00bb4_4&#8243; _builder_version=\u00bb4.16.0&#8243; _module_preset=\u00bbdefault\u00bb global_colors_info=\u00bb{}\u00bb][et_pb_text _builder_version=\u00bb4.17.0&#8243; _module_preset=\u00bbdefault\u00bb text_orientation=\u00bbcenter\u00bb global_colors_info=\u00bb{}\u00bb]<\/p>\n<p>Encontrar\u00e1 respuestas a sus preguntas aqu\u00ed debajo. Si usted no consigue la respuesta que busca, por favor comun\u00edquese <a href=\"https:\/\/bccf.countyofberks.com\/es\/contact\/\">con nosotros<\/a>.<\/p>\n<p>[\/et_pb_text][\/et_pb_column][\/et_pb_row][et_pb_row column_structure=\u00bb1_2,1_2&#8243; _builder_version=\u00bb4.16&#8243; _module_preset=\u00bbdefault\u00bb width=\u00bb92%\u00bb max_width=\u00bb100%\u00bb custom_padding=\u00bb0px|||||\u00bb global_colors_info=\u00bb{}\u00bb][et_pb_column type=\u00bb1_2&#8243; _builder_version=\u00bb4.16&#8243; _module_preset=\u00bbdefault\u00bb global_colors_info=\u00bb{}\u00bb][et_pb_accordion open_toggle_text_color=\u00bb#6A8C7D\u00bb closed_toggle_background_color=\u00bb#f7f8fc\u00bb use_icon_font_size=\u00bbon\u00bb icon_font_size=\u00bb19px\u00bb _builder_version=\u00bb4.17.0&#8243; _module_preset=\u00bbdefault\u00bb toggle_text_color=\u00bb#000000&#8243; toggle_font=\u00bb|800||on|||||\u00bb text_orientation=\u00bbleft\u00bb custom_css_toggle=\u00bbtransition: background .3s linear;\u00bb custom_css_toggle_icon=\u00bbcolor: #C0C4CF;\u00bb border_radii=\u00bbon|4px|4px|4px|4px\u00bb border_color_all=\u00bb#dcdfe6&#8243; global_colors_info=\u00bb{}\u00bb][et_pb_accordion_item title=\u00bb\u00bfPOR QU\u00c9 HABLAMOS DE NUEVAS FACILIDADES CORRECCIONALES?\u00bb open=\u00bboff\u00bb _builder_version=\u00bb4.17.0&#8243; _module_preset=\u00bbdefault\u00bb custom_margin=\u00bb||10px||false|false\u00bb global_colors_info=\u00bb{}\u00bb]<\/p>\n<p>El enfoque del Condado de Berks sobre justicia y confinamiento ha sido modernizado. Con un espacio m\u00e1s eficiente y sustentable para los empleados, visitantes y encarcelados temporeros, tanto como la creaci\u00f3n de un espacio flexible para rehabilitaci\u00f3n y educaci\u00f3n, le permitir\u00e1 a los confinados en el Centro Correccional del Condado Berks, a que puedan reintegrarse a la comunidad de una manera productiva.<\/p>\n<p>[\/et_pb_accordion_item][et_pb_accordion_item title=\u00bb\u00bfQU\u00c9 PASAR\u00c1 CON LA C\u00c1RCEL ACTUAL CUANDO SE CONSTRUYA LA NUEVA?\u00bb _builder_version=\u00bb4.17.0&#8243; _module_preset=\u00bbdefault\u00bb custom_margin=\u00bb||10px||false|false\u00bb global_colors_info=\u00bb{}\u00bb open=\u00bboff\u00bb]<\/p>\n<p data-pm-slice=\"1 1 [\"list\",{},\"list_item\",{\"indent\":1,\"type\":\"bulleted\"}]\">El Condado evaluar\u00e1 el uso potencial durante la fase de planeaci\u00f3n del proyecto, aunque se ha determinado a trav\u00e9s de m\u00faltiples estudios que conservar la propiedad actual como parte de la nueva, posiblemente implicar\u00eda costos prohibitivos.<\/p>\n<p>[\/et_pb_accordion_item][et_pb_accordion_item title=\u00bbLA NUEVAS FACILIDADES CORRECCIONALES, \u00bfSER\u00c1N SUSTENTABLES?\u00bb _builder_version=\u00bb4.16&#8243; _module_preset=\u00bbdefault\u00bb custom_margin=\u00bb||10px||false|false\u00bb global_colors_info=\u00bb{}\u00bb open=\u00bbon\u00bb]<\/p>\n<p><span style=\"font-weight: 400;\">El Condado de Berks responder\u00e1 a las necesidades de la comunidad, planeando y construyendo unas instalaciones correccionales que sean seguras, sustentables y que permitan un confinamiento digno. Nuestra intenci\u00f3n es promover y fomentar el uso de pr\u00e1cticas sustentables que apoyen una construcci\u00f3n y operaciones de alta calidad a la vez que prioriza la salud y bienestar de empleados y encarcelados temporeros dentro de las instalaciones. Descubra m\u00e1s del enfoque del Condado sobre la sustentabilidad de las instalaciones, <a href=\"\/download\/243473\/\">aqu\u00ed<\/a>.\u00a0<\/span><\/p>\n<p>[\/et_pb_accordion_item][\/et_pb_accordion][\/et_pb_column][et_pb_column type=\u00bb1_2&#8243; _builder_version=\u00bb4.16&#8243; _module_preset=\u00bbdefault\u00bb global_colors_info=\u00bb{}\u00bb][et_pb_accordion open_toggle_text_color=\u00bb#6A8C7D\u00bb closed_toggle_background_color=\u00bb#f7f8fc\u00bb use_icon_font_size=\u00bbon\u00bb icon_font_size=\u00bb19px\u00bb _builder_version=\u00bb4.17.0&#8243; _module_preset=\u00bbdefault\u00bb toggle_text_color=\u00bb#000000&#8243; toggle_font=\u00bb|800||on|||||\u00bb text_orientation=\u00bbleft\u00bb custom_css_toggle=\u00bbtransition: background .3s linear;\u00bb custom_css_toggle_icon=\u00bbcolor: #C0C4CF;\u00bb border_radii=\u00bbon|4px|4px|4px|4px\u00bb border_color_all=\u00bb#dcdfe6&#8243; global_colors_info=\u00bb{}\u00bb][et_pb_accordion_item title=\u00bb\u00bfEN QU\u00c9 ETAPA SE ENCUENTRA EL PROYECTO ACTUALMENTE?\u00bb open=\u00bbon\u00bb _builder_version=\u00bb4.16&#8243; _module_preset=\u00bbdefault\u00bb custom_margin=\u00bb||10px||false|false\u00bb global_colors_info=\u00bb{}\u00bb]<\/p>\n<p><span style=\"font-weight: 400;\">Actualmente el Condado de Berks est\u00e1 en la etapa de dise\u00f1o preliminar del proyecto o en la de servicios de construcci\u00f3n. El trabajo del Condado durante esta fase es tomar decisiones respecto a los mejores pasos a seguir al construir las nuevas instalaciones. Esta fase incluye consultar con varios sectores o entidades interesadas, incluyendo un An\u00e1lisis Organizacional de la actual C\u00e1rcel del Condado de Berks para entender sus asuntos laborales; una Evaluaci\u00f3n de las Necesidades para determinar el n\u00famero de camas que habr\u00eda que construir; un Programa Arquitect\u00f3nico para definir a\u00fan m\u00e1s el tipo y los pies cuadrados de las nuevas instalaciones; un Modelo Financiero para determinar la mejor manera de pagar por el proyecto y delinear un M\u00e9todo de Contrataci\u00f3n para seleccionar al arquitecto y al constructor. Esta fase del proyecto est\u00e1 fechada para ser completada a finales de febrero del 2023 y en ese momento, los Comisionados del Condado decidir\u00e1n el mejor proceso para seguir adelante.  <\/span><\/p>\n<p>[\/et_pb_accordion_item][et_pb_accordion_item title=\u00bb\u00bfCU\u00c1NTO COSTAR\u00c1 CONSTRUIR LA NUEVA INSTITUCI\u00d3N CORRECCIONAL?\u00bb _builder_version=\u00bb4.16&#8243; _module_preset=\u00bbdefault\u00bb custom_margin=\u00bb||10px||false|false\u00bb global_colors_info=\u00bb{}\u00bb open=\u00bboff\u00bb]<\/p>\n<p>Una vez se haya completado el plan preliminar, el Condado, junto a sus consejeros financieros, evaluar\u00e1n la manera m\u00e1s eficiente y econ\u00f3mica de pagar por las nuevas instalaciones correccionales de manera que esta sea una instituci\u00f3n con energ\u00eda eficiente que le provea a los contribuyentes de impuestos un edificio que se pueda operar y mantener eficientemente.<\/p>\n<p>[\/et_pb_accordion_item][et_pb_accordion_item title=\u00bb\u00bfPOR QU\u00c9 CAMBIA EL NOMBRE DE LA INSTITUCI\u00d3N?\u00bb _builder_version=\u00bb4.17.0&#8243; _module_preset=\u00bbdefault\u00bb global_colors_info=\u00bb{}\u00bb open=\u00bboff\u00bb]<\/p>\n<p>El nuevo edificio se llamar\u00e1 Berks County Correctional Facility (Centro Correccional del Condado Berks.) El nombre refleja un acercamiento moderno hacia la justicia y el encarcelamiento, con instalaciones m\u00e1s eficientes y sustentables para los visitantes, empleados y aquellos que est\u00e9n temporeramente encarcelados por dos a\u00f1os o menos o para aquellos que esperan a ser transferidos a otras instalaciones.<\/p>\n<p>[\/et_pb_accordion_item][\/et_pb_accordion][et_pb_code _builder_version=\u00bb4.17.0&#8243; _module_preset=\u00bbdefault\u00bb global_colors_info=\u00bb{}\u00bb]<script><!-- [et_pb_line_break_holder] -->jQuery(function($){<!-- [et_pb_line_break_holder] -->    $('.et_pb_accordion .et_pb_toggle_open').addClass('et_pb_toggle_close').removeClass('et_pb_toggle_open');<!-- [et_pb_line_break_holder] -->    $('.et_pb_accordion .et_pb_toggle').click(function() {<!-- [et_pb_line_break_holder] -->      $this = $(this);<!-- [et_pb_line_break_holder] -->      setTimeout(function(){<!-- [et_pb_line_break_holder] -->         $this.closest('.et_pb_accordion').removeClass('et_pb_accordion_toggling');<!-- [et_pb_line_break_holder] -->      },50);<!-- [et_pb_line_break_holder] -->    });<!-- [et_pb_line_break_holder] -->});<!-- [et_pb_line_break_holder] --><\/script>[\/et_pb_code][\/et_pb_column][\/et_pb_row][\/et_pb_section]<\/p>\n","protected":false},"excerpt":{"rendered":"<p>PREGUNTAS Y RESPUESTASEncontrar\u00e1 respuestas a sus preguntas aqu\u00ed debajo. Si usted no consigue la respuesta que busca, por favor comun\u00edquese con nosotros.El enfoque del Condado de Berks sobre justicia y confinamiento ha sido modernizado. Con un espacio m\u00e1s eficiente y sustentable para los empleados, visitantes y encarcelados temporeros, tanto como la creaci\u00f3n de un espacio [&hellip;]<\/p>\n","protected":false},"author":1,"featured_media":0,"parent":243291,"menu_order":4,"comment_status":"closed","ping_status":"closed","template":"","meta":{"_et_pb_use_builder":"on","_et_pb_old_content":"","_et_gb_content_width":"","footnotes":""},"dipi_cpt_category":[],"class_list":["post-243306","page","type-page","status-publish","hentry"],"yoast_head":"<!-- This site is optimized with the Yoast SEO plugin v27.5 - https:\/\/yoast.com\/product\/yoast-seo-wordpress\/ -->\n<title>PREGUNTAS Y RESPUESTAS - Berks County Correctional Facility<\/title>\n<meta name=\"robots\" content=\"index, follow, max-snippet:-1, max-image-preview:large, max-video-preview:-1\" \/>\n<link rel=\"canonical\" href=\"https:\/\/bccf.countyofberks.com\/es\/sobre-el-proyecto\/preguntas-y-respuestas\/\" \/>\n<meta property=\"og:locale\" content=\"es_ES\" \/>\n<meta property=\"og:type\" content=\"article\" \/>\n<meta property=\"og:title\" content=\"PREGUNTAS Y RESPUESTAS - Berks County Correctional Facility\" \/>\n<meta property=\"og:description\" content=\"PREGUNTAS Y RESPUESTASEncontrar\u00e1 respuestas a sus preguntas aqu\u00ed debajo. Si usted no consigue la respuesta que busca, por favor comun\u00edquese con nosotros.El enfoque del Condado de Berks sobre justicia y confinamiento ha sido modernizado. Con un espacio m\u00e1s eficiente y sustentable para los empleados, visitantes y encarcelados temporeros, tanto como la creaci\u00f3n de un espacio [&hellip;]\" \/>\n<meta property=\"og:url\" content=\"https:\/\/bccf.countyofberks.com\/es\/sobre-el-proyecto\/preguntas-y-respuestas\/\" \/>\n<meta property=\"og:site_name\" content=\"Berks County Correctional Facility\" \/>\n<meta property=\"article:modified_time\" content=\"2022-08-02T14:57:18+00:00\" \/>\n<meta name=\"twitter:card\" content=\"summary_large_image\" \/>\n<meta name=\"twitter:label1\" content=\"Tiempo de lectura\" \/>\n\t<meta name=\"twitter:data1\" content=\"6 minutos\" \/>\n<script type=\"application\/ld+json\" class=\"yoast-schema-graph\">{\"@context\":\"https:\\\/\\\/schema.org\",\"@graph\":[{\"@type\":\"WebPage\",\"@id\":\"https:\\\/\\\/bccf.countyofberks.com\\\/es\\\/sobre-el-proyecto\\\/preguntas-y-respuestas\\\/\",\"url\":\"https:\\\/\\\/bccf.countyofberks.com\\\/es\\\/sobre-el-proyecto\\\/preguntas-y-respuestas\\\/\",\"name\":\"PREGUNTAS Y RESPUESTAS - Berks County Correctional Facility\",\"isPartOf\":{\"@id\":\"https:\\\/\\\/bccf.countyofberks.com\\\/#website\"},\"datePublished\":\"2022-04-14T20:14:10+00:00\",\"dateModified\":\"2022-08-02T14:57:18+00:00\",\"breadcrumb\":{\"@id\":\"https:\\\/\\\/bccf.countyofberks.com\\\/es\\\/sobre-el-proyecto\\\/preguntas-y-respuestas\\\/#breadcrumb\"},\"inLanguage\":\"es\",\"potentialAction\":[{\"@type\":\"ReadAction\",\"target\":[\"https:\\\/\\\/bccf.countyofberks.com\\\/es\\\/sobre-el-proyecto\\\/preguntas-y-respuestas\\\/\"]}]},{\"@type\":\"BreadcrumbList\",\"@id\":\"https:\\\/\\\/bccf.countyofberks.com\\\/es\\\/sobre-el-proyecto\\\/preguntas-y-respuestas\\\/#breadcrumb\",\"itemListElement\":[{\"@type\":\"ListItem\",\"position\":1,\"name\":\"Home\",\"item\":\"https:\\\/\\\/bccf.countyofberks.com\\\/es\\\/pagina-principal\\\/\"},{\"@type\":\"ListItem\",\"position\":2,\"name\":\"SOBRE EL PROYECTO\",\"item\":\"https:\\\/\\\/bccf.countyofberks.com\\\/es\\\/sobre-el-proyecto\\\/\"},{\"@type\":\"ListItem\",\"position\":3,\"name\":\"PREGUNTAS Y RESPUESTAS\"}]},{\"@type\":\"WebSite\",\"@id\":\"https:\\\/\\\/bccf.countyofberks.com\\\/#website\",\"url\":\"https:\\\/\\\/bccf.countyofberks.com\\\/\",\"name\":\"Berks County Correctional Facility\",\"description\":\"Beta Site\",\"potentialAction\":[{\"@type\":\"SearchAction\",\"target\":{\"@type\":\"EntryPoint\",\"urlTemplate\":\"https:\\\/\\\/bccf.countyofberks.com\\\/?s={search_term_string}\"},\"query-input\":{\"@type\":\"PropertyValueSpecification\",\"valueRequired\":true,\"valueName\":\"search_term_string\"}}],\"inLanguage\":\"es\"}]}<\/script>\n<!-- \/ Yoast SEO plugin. -->","yoast_head_json":{"title":"PREGUNTAS Y RESPUESTAS - Berks County Correctional Facility","robots":{"index":"index","follow":"follow","max-snippet":"max-snippet:-1","max-image-preview":"max-image-preview:large","max-video-preview":"max-video-preview:-1"},"canonical":"https:\/\/bccf.countyofberks.com\/es\/sobre-el-proyecto\/preguntas-y-respuestas\/","og_locale":"es_ES","og_type":"article","og_title":"PREGUNTAS Y RESPUESTAS - Berks County Correctional Facility","og_description":"PREGUNTAS Y RESPUESTASEncontrar\u00e1 respuestas a sus preguntas aqu\u00ed debajo. Si usted no consigue la respuesta que busca, por favor comun\u00edquese con nosotros.El enfoque del Condado de Berks sobre justicia y confinamiento ha sido modernizado. Con un espacio m\u00e1s eficiente y sustentable para los empleados, visitantes y encarcelados temporeros, tanto como la creaci\u00f3n de un espacio [&hellip;]","og_url":"https:\/\/bccf.countyofberks.com\/es\/sobre-el-proyecto\/preguntas-y-respuestas\/","og_site_name":"Berks County Correctional Facility","article_modified_time":"2022-08-02T14:57:18+00:00","twitter_card":"summary_large_image","twitter_misc":{"Tiempo de lectura":"6 minutos"},"schema":{"@context":"https:\/\/schema.org","@graph":[{"@type":"WebPage","@id":"https:\/\/bccf.countyofberks.com\/es\/sobre-el-proyecto\/preguntas-y-respuestas\/","url":"https:\/\/bccf.countyofberks.com\/es\/sobre-el-proyecto\/preguntas-y-respuestas\/","name":"PREGUNTAS Y RESPUESTAS - Berks County Correctional Facility","isPartOf":{"@id":"https:\/\/bccf.countyofberks.com\/#website"},"datePublished":"2022-04-14T20:14:10+00:00","dateModified":"2022-08-02T14:57:18+00:00","breadcrumb":{"@id":"https:\/\/bccf.countyofberks.com\/es\/sobre-el-proyecto\/preguntas-y-respuestas\/#breadcrumb"},"inLanguage":"es","potentialAction":[{"@type":"ReadAction","target":["https:\/\/bccf.countyofberks.com\/es\/sobre-el-proyecto\/preguntas-y-respuestas\/"]}]},{"@type":"BreadcrumbList","@id":"https:\/\/bccf.countyofberks.com\/es\/sobre-el-proyecto\/preguntas-y-respuestas\/#breadcrumb","itemListElement":[{"@type":"ListItem","position":1,"name":"Home","item":"https:\/\/bccf.countyofberks.com\/es\/pagina-principal\/"},{"@type":"ListItem","position":2,"name":"SOBRE EL PROYECTO","item":"https:\/\/bccf.countyofberks.com\/es\/sobre-el-proyecto\/"},{"@type":"ListItem","position":3,"name":"PREGUNTAS Y RESPUESTAS"}]},{"@type":"WebSite","@id":"https:\/\/bccf.countyofberks.com\/#website","url":"https:\/\/bccf.countyofberks.com\/","name":"Berks County Correctional Facility","description":"Beta Site","potentialAction":[{"@type":"SearchAction","target":{"@type":"EntryPoint","urlTemplate":"https:\/\/bccf.countyofberks.com\/?s={search_term_string}"},"query-input":{"@type":"PropertyValueSpecification","valueRequired":true,"valueName":"search_term_string"}}],"inLanguage":"es"}]}},"_links":{"self":[{"href":"https:\/\/bccf.countyofberks.com\/es\/wp-json\/wp\/v2\/pages\/243306","targetHints":{"allow":["GET"]}}],"collection":[{"href":"https:\/\/bccf.countyofberks.com\/es\/wp-json\/wp\/v2\/pages"}],"about":[{"href":"https:\/\/bccf.countyofberks.com\/es\/wp-json\/wp\/v2\/types\/page"}],"author":[{"embeddable":true,"href":"https:\/\/bccf.countyofberks.com\/es\/wp-json\/wp\/v2\/users\/1"}],"replies":[{"embeddable":true,"href":"https:\/\/bccf.countyofberks.com\/es\/wp-json\/wp\/v2\/comments?post=243306"}],"version-history":[{"count":11,"href":"https:\/\/bccf.countyofberks.com\/es\/wp-json\/wp\/v2\/pages\/243306\/revisions"}],"predecessor-version":[{"id":243482,"href":"https:\/\/bccf.countyofberks.com\/es\/wp-json\/wp\/v2\/pages\/243306\/revisions\/243482"}],"up":[{"embeddable":true,"href":"https:\/\/bccf.countyofberks.com\/es\/wp-json\/wp\/v2\/pages\/243291"}],"wp:attachment":[{"href":"https:\/\/bccf.countyofberks.com\/es\/wp-json\/wp\/v2\/media?parent=243306"}],"wp:term":[{"taxonomy":"dipi_cpt_category","embeddable":true,"href":"https:\/\/bccf.countyofberks.com\/es\/wp-json\/wp\/v2\/dipi_cpt_category?post=243306"}],"curies":[{"name":"wp","href":"https:\/\/api.w.org\/{rel}","templated":true}]}}