{"id":243311,"date":"2022-04-21T15:12:38","date_gmt":"2022-04-21T15:12:38","guid":{"rendered":"https:\/\/bccf.countyofberks.com\/minutas-de-la-reunion\/"},"modified":"2022-09-22T14:52:52","modified_gmt":"2022-09-22T14:52:52","slug":"minutas-de-la-reunion","status":"publish","type":"page","link":"https:\/\/bccf.countyofberks.com\/es\/minutas-de-la-reunion\/","title":{"rendered":"MINUTAS DE LA REUNI\u00d3N"},"content":{"rendered":"<p>[et_pb_section fb_built=\u00bb1&#8243; custom_padding_last_edited=\u00bbon|phone\u00bb _builder_version=\u00bb4.17.0&#8243; _module_preset=\u00bbdefault\u00bb background_enable_color=\u00bboff\u00bb background_image=\u00bbhttps:\/\/bccf.countyofberks.com\/wp-content\/uploads\/2022\/08\/AdobeStock_190729344.jpg\u00bb parallax=\u00bbon\u00bb custom_padding=\u00bb122px||0px||false|false\u00bb custom_padding_tablet=\u00bb70px||70px||true|false\u00bb custom_padding_phone=\u00bb40px||40px||true|false\u00bb custom_css_after=\u00bbcontent: %22%22;||width: 100%;||height: 100%;||top: 0;||position: absolute;||background: rgba(0,0,0,0.59)\u00bb da_disable_devices=\u00bboff|off|off\u00bb locked=\u00bboff\u00bb global_colors_info=\u00bb{}\u00bb da_is_popup=\u00bboff\u00bb da_exit_intent=\u00bboff\u00bb da_has_close=\u00bbon\u00bb da_alt_close=\u00bboff\u00bb da_dark_close=\u00bboff\u00bb da_not_modal=\u00bbon\u00bb da_is_singular=\u00bboff\u00bb da_with_loader=\u00bboff\u00bb da_has_shadow=\u00bbon\u00bb][et_pb_row _builder_version=\u00bb4.16&#8243; _module_preset=\u00bbdefault\u00bb width=\u00bb92%\u00bb max_width=\u00bb97%\u00bb custom_padding=\u00bb||90px||false|false\u00bb global_colors_info=\u00bb{}\u00bb][et_pb_column type=\u00bb4_4&#8243; _builder_version=\u00bb4.16&#8243; _module_preset=\u00bbdefault\u00bb global_colors_info=\u00bb{}\u00bb][et_pb_post_title meta=\u00bboff\u00bb _builder_version=\u00bb4.17.0&#8243; _module_preset=\u00bbdefault\u00bb title_font=\u00bb|800|||||||\u00bb title_text_color=\u00bb#FFFFFF\u00bb title_font_size=\u00bb57px\u00bb global_colors_info=\u00bb{}\u00bb][\/et_pb_post_title][\/et_pb_column][\/et_pb_row][\/et_pb_section][et_pb_section fb_built=\u00bb1&#8243; _builder_version=\u00bb4.16.0&#8243; _module_preset=\u00bbdefault\u00bb custom_padding=\u00bb75px||75px||true|\u00bb da_disable_devices=\u00bboff|off|off\u00bb global_colors_info=\u00bb{}\u00bb da_is_popup=\u00bboff\u00bb da_exit_intent=\u00bboff\u00bb da_has_close=\u00bbon\u00bb da_alt_close=\u00bboff\u00bb da_dark_close=\u00bboff\u00bb da_not_modal=\u00bbon\u00bb da_is_singular=\u00bboff\u00bb da_with_loader=\u00bboff\u00bb da_has_shadow=\u00bbon\u00bb][et_pb_row _builder_version=\u00bb4.17.0&#8243; _module_preset=\u00bbdefault\u00bb width=\u00bb92%\u00bb max_width=\u00bb97%\u00bb custom_padding=\u00bb0px||0px||false|false\u00bb global_colors_info=\u00bb{}\u00bb][et_pb_column type=\u00bb4_4&#8243; _builder_version=\u00bb4.16.0&#8243; _module_preset=\u00bbdefault\u00bb global_colors_info=\u00bb{}\u00bb][et_pb_text _builder_version=\u00bb4.17.0&#8243; _module_preset=\u00bbdefault\u00bb global_colors_info=\u00bb{}\u00bb]<\/p>\n<p>El Comit\u00e9 Directivo (Steering Committee) se reune los jueves a la 1PM. Las juntas est\u00e1n abiertas al p\u00fablico y se llevan a cabo s\u00f3lo en persona en Berks County Services Center, 633 Court Street, Piso 13 \u2013 Commissioners\u2019 Boardroom, Reading, PA 19601.<\/p>\n<p>Para descargar el documento, haga click en los enlaces abajo.<\/p>\n<ul class=\"dlm-downloads\"><li><a  data-e-Disable-Page-Transition=\"true\" class=\"download-link\" title=\"\" href=\"https:\/\/bccf.countyofberks.com\/es\/download\/243719\/?tmstv=1778087530\" rel=\"nofollow\" id=\"download-link-243719\" data-redirect=\"false\" >\n\tBCCF Steering Committee Minutes 11.17.22<\/a>\n<\/li><li><a  data-e-Disable-Page-Transition=\"true\" class=\"download-link\" title=\"\" href=\"https:\/\/bccf.countyofberks.com\/es\/download\/243701\/?tmstv=1778087530\" rel=\"nofollow\" id=\"download-link-243701\" data-redirect=\"false\" >\n\tBCCF Steering Committee Minutes 9.15.22<\/a>\n<\/li><li><a  data-e-Disable-Page-Transition=\"true\" class=\"download-link\" title=\"\" href=\"https:\/\/bccf.countyofberks.com\/es\/download\/243662\/?tmstv=1778087530\" rel=\"nofollow\" id=\"download-link-243662\" data-redirect=\"false\" >\n\tBCCF Steering Committee Minutes 9.8.22<\/a>\n<\/li><li><a  data-e-Disable-Page-Transition=\"true\" class=\"download-link\" title=\"\" href=\"https:\/\/bccf.countyofberks.com\/es\/download\/243655\/?tmstv=1778087530\" rel=\"nofollow\" id=\"download-link-243655\" data-redirect=\"false\" >\n\tBCCF Steering Committee Minutes 8.4.22<\/a>\n<\/li><li><a  data-e-Disable-Page-Transition=\"true\" class=\"download-link\" title=\"\" href=\"https:\/\/bccf.countyofberks.com\/es\/download\/243653\/?tmstv=1778087530\" rel=\"nofollow\" id=\"download-link-243653\" data-redirect=\"false\" >\n\tBCCF Steering Committee Minutes 7.14.22<\/a>\n<\/li><li><a  data-e-Disable-Page-Transition=\"true\" class=\"download-link\" title=\"\" href=\"https:\/\/bccf.countyofberks.com\/es\/download\/243551\/?tmstv=1778087530\" rel=\"nofollow\" id=\"download-link-243551\" data-redirect=\"false\" >\n\tBCCF Steering Committee Minutes 7.14.22<\/a>\n<\/li><li><a  data-e-Disable-Page-Transition=\"true\" class=\"download-link\" title=\"\" href=\"https:\/\/bccf.countyofberks.com\/es\/download\/243361\/?tmstv=1778087530\" rel=\"nofollow\" id=\"download-link-243361\" data-redirect=\"false\" >\n\tBCCF Steering Committee Minutes 6.30.22<\/a>\n<\/li><li><a  data-e-Disable-Page-Transition=\"true\" class=\"download-link\" title=\"\" href=\"https:\/\/bccf.countyofberks.com\/es\/download\/243357\/?tmstv=1778087530\" rel=\"nofollow\" id=\"download-link-243357\" data-redirect=\"false\" >\n\tBCCF Steering Committee Minutes 6.23.22<\/a>\n<\/li><li><a  data-e-Disable-Page-Transition=\"true\" class=\"download-link\" title=\"\" href=\"https:\/\/bccf.countyofberks.com\/es\/download\/243353\/?tmstv=1778087530\" rel=\"nofollow\" id=\"download-link-243353\" data-redirect=\"false\" >\n\tBCCF Steering Committee Minutes 6.2.22<\/a>\n<\/li><li><a  data-e-Disable-Page-Transition=\"true\" class=\"download-link\" title=\"\" href=\"https:\/\/bccf.countyofberks.com\/es\/download\/242865\/?tmstv=1778087530\" rel=\"nofollow\" id=\"download-link-242865\" data-redirect=\"false\" >\n\tBCCF Steering Committee Minutes 5.12.22<\/a>\n<\/li><li><a  data-e-Disable-Page-Transition=\"true\" class=\"download-link\" title=\"\" href=\"https:\/\/bccf.countyofberks.com\/es\/download\/242858\/?tmstv=1778087530\" rel=\"nofollow\" id=\"download-link-242858\" data-redirect=\"false\" >\n\tBCCF Steering Committee Minutes 5.5.22<\/a>\n<\/li><li><a  data-e-Disable-Page-Transition=\"true\" class=\"download-link\" title=\"\" href=\"https:\/\/bccf.countyofberks.com\/es\/download\/242861\/?tmstv=1778087530\" rel=\"nofollow\" id=\"download-link-242861\" data-redirect=\"false\" >\n\tBCCF Steering Committee Minutes 4.21.22<\/a>\n<\/li><li><a  data-e-Disable-Page-Transition=\"true\" class=\"download-link\" title=\"\" href=\"https:\/\/bccf.countyofberks.com\/es\/download\/242782\/?tmstv=1778087530\" rel=\"nofollow\" id=\"download-link-242782\" data-redirect=\"false\" >\n\tBCCF Steering Committee Minutes 4.14.22<\/a>\n<\/li><li><a  data-e-Disable-Page-Transition=\"true\" class=\"download-link\" title=\"\" href=\"https:\/\/bccf.countyofberks.com\/es\/download\/242779\/?tmstv=1778087530\" rel=\"nofollow\" id=\"download-link-242779\" data-redirect=\"false\" >\n\tBCCF Steering Committee Minutes 3.31.22<\/a>\n<\/li><li><a  data-e-Disable-Page-Transition=\"true\" class=\"download-link\" title=\"\" href=\"https:\/\/bccf.countyofberks.com\/es\/download\/241606\/?tmstv=1778087530\" rel=\"nofollow\" id=\"download-link-241606\" data-redirect=\"false\" >\n\tBCCF Steering Committee Minutes 3.17.22<\/a>\n<\/li><li><a  data-e-Disable-Page-Transition=\"true\" class=\"download-link\" title=\"\" href=\"https:\/\/bccf.countyofberks.com\/es\/download\/241617\/?tmstv=1778087530\" rel=\"nofollow\" id=\"download-link-241617\" data-redirect=\"false\" >\n\tBCCF Steering Committee Minutes 3.3.22<\/a>\n<\/li><li><a  data-e-Disable-Page-Transition=\"true\" class=\"download-link\" title=\"\" href=\"https:\/\/bccf.countyofberks.com\/es\/download\/241623\/?tmstv=1778087530\" rel=\"nofollow\" id=\"download-link-241623\" data-redirect=\"false\" >\n\tBCCF Steering Committee Minutes 2.23.22<\/a>\n<\/li><\/ul>\n\t\t\t\t\n<p>[\/et_pb_text][\/et_pb_column][\/et_pb_row][\/et_pb_section]<\/p>\n","protected":false},"excerpt":{"rendered":"<p>El Comit\u00e9 Directivo (Steering Committee) se reune los jueves a la 1PM. Las juntas est\u00e1n abiertas al p\u00fablico y se llevan a cabo s\u00f3lo en persona en Berks County Services Center, 633 Court Street, Piso 13 \u2013 Commissioners\u2019 Boardroom, Reading, PA 19601. Para descargar el documento, haga click en los enlaces abajo. <\/p>\n","protected":false},"author":1,"featured_media":0,"parent":0,"menu_order":0,"comment_status":"closed","ping_status":"closed","template":"","meta":{"_et_pb_use_builder":"on","_et_pb_old_content":"","_et_gb_content_width":"","footnotes":""},"dipi_cpt_category":[],"class_list":["post-243311","page","type-page","status-publish","hentry"],"yoast_head":"<!-- This site is optimized with the Yoast SEO plugin v27.5 - https:\/\/yoast.com\/product\/yoast-seo-wordpress\/ -->\n<title>MINUTAS DE LA REUNI\u00d3N - Berks County Correctional Facility<\/title>\n<meta name=\"robots\" content=\"index, follow, max-snippet:-1, max-image-preview:large, max-video-preview:-1\" \/>\n<link rel=\"canonical\" href=\"https:\/\/bccf.countyofberks.com\/es\/minutas-de-la-reunion\/\" \/>\n<meta property=\"og:locale\" content=\"es_ES\" \/>\n<meta property=\"og:type\" content=\"article\" \/>\n<meta property=\"og:title\" content=\"MINUTAS DE LA REUNI\u00d3N - Berks County Correctional Facility\" \/>\n<meta property=\"og:description\" content=\"El Comit\u00e9 Directivo (Steering Committee) se reune los jueves a la 1PM. Las juntas est\u00e1n abiertas al p\u00fablico y se llevan a cabo s\u00f3lo en persona en Berks County Services Center, 633 Court Street, Piso 13 \u2013 Commissioners\u2019 Boardroom, Reading, PA 19601. Para descargar el documento, haga click en los enlaces abajo.\" \/>\n<meta property=\"og:url\" content=\"https:\/\/bccf.countyofberks.com\/es\/minutas-de-la-reunion\/\" \/>\n<meta property=\"og:site_name\" content=\"Berks County Correctional Facility\" \/>\n<meta property=\"article:modified_time\" content=\"2022-09-22T14:52:52+00:00\" \/>\n<meta name=\"twitter:card\" content=\"summary_large_image\" \/>\n<meta name=\"twitter:label1\" content=\"Tiempo de lectura\" \/>\n\t<meta name=\"twitter:data1\" content=\"2 minutos\" \/>\n<script type=\"application\/ld+json\" class=\"yoast-schema-graph\">{\"@context\":\"https:\\\/\\\/schema.org\",\"@graph\":[{\"@type\":\"WebPage\",\"@id\":\"https:\\\/\\\/bccf.countyofberks.com\\\/es\\\/minutas-de-la-reunion\\\/\",\"url\":\"https:\\\/\\\/bccf.countyofberks.com\\\/es\\\/minutas-de-la-reunion\\\/\",\"name\":\"MINUTAS DE LA REUNI\u00d3N - Berks County Correctional Facility\",\"isPartOf\":{\"@id\":\"https:\\\/\\\/bccf.countyofberks.com\\\/#website\"},\"datePublished\":\"2022-04-21T15:12:38+00:00\",\"dateModified\":\"2022-09-22T14:52:52+00:00\",\"breadcrumb\":{\"@id\":\"https:\\\/\\\/bccf.countyofberks.com\\\/es\\\/minutas-de-la-reunion\\\/#breadcrumb\"},\"inLanguage\":\"es\",\"potentialAction\":[{\"@type\":\"ReadAction\",\"target\":[\"https:\\\/\\\/bccf.countyofberks.com\\\/es\\\/minutas-de-la-reunion\\\/\"]}]},{\"@type\":\"BreadcrumbList\",\"@id\":\"https:\\\/\\\/bccf.countyofberks.com\\\/es\\\/minutas-de-la-reunion\\\/#breadcrumb\",\"itemListElement\":[{\"@type\":\"ListItem\",\"position\":1,\"name\":\"Home\",\"item\":\"https:\\\/\\\/bccf.countyofberks.com\\\/es\\\/pagina-principal\\\/\"},{\"@type\":\"ListItem\",\"position\":2,\"name\":\"MINUTAS DE LA REUNI\u00d3N\"}]},{\"@type\":\"WebSite\",\"@id\":\"https:\\\/\\\/bccf.countyofberks.com\\\/#website\",\"url\":\"https:\\\/\\\/bccf.countyofberks.com\\\/\",\"name\":\"Berks County Correctional Facility\",\"description\":\"Beta Site\",\"potentialAction\":[{\"@type\":\"SearchAction\",\"target\":{\"@type\":\"EntryPoint\",\"urlTemplate\":\"https:\\\/\\\/bccf.countyofberks.com\\\/?s={search_term_string}\"},\"query-input\":{\"@type\":\"PropertyValueSpecification\",\"valueRequired\":true,\"valueName\":\"search_term_string\"}}],\"inLanguage\":\"es\"}]}<\/script>\n<!-- \/ Yoast SEO plugin. -->","yoast_head_json":{"title":"MINUTAS DE LA REUNI\u00d3N - Berks County Correctional Facility","robots":{"index":"index","follow":"follow","max-snippet":"max-snippet:-1","max-image-preview":"max-image-preview:large","max-video-preview":"max-video-preview:-1"},"canonical":"https:\/\/bccf.countyofberks.com\/es\/minutas-de-la-reunion\/","og_locale":"es_ES","og_type":"article","og_title":"MINUTAS DE LA REUNI\u00d3N - Berks County Correctional Facility","og_description":"El Comit\u00e9 Directivo (Steering Committee) se reune los jueves a la 1PM. Las juntas est\u00e1n abiertas al p\u00fablico y se llevan a cabo s\u00f3lo en persona en Berks County Services Center, 633 Court Street, Piso 13 \u2013 Commissioners\u2019 Boardroom, Reading, PA 19601. Para descargar el documento, haga click en los enlaces abajo.","og_url":"https:\/\/bccf.countyofberks.com\/es\/minutas-de-la-reunion\/","og_site_name":"Berks County Correctional Facility","article_modified_time":"2022-09-22T14:52:52+00:00","twitter_card":"summary_large_image","twitter_misc":{"Tiempo de lectura":"2 minutos"},"schema":{"@context":"https:\/\/schema.org","@graph":[{"@type":"WebPage","@id":"https:\/\/bccf.countyofberks.com\/es\/minutas-de-la-reunion\/","url":"https:\/\/bccf.countyofberks.com\/es\/minutas-de-la-reunion\/","name":"MINUTAS DE LA REUNI\u00d3N - Berks County Correctional Facility","isPartOf":{"@id":"https:\/\/bccf.countyofberks.com\/#website"},"datePublished":"2022-04-21T15:12:38+00:00","dateModified":"2022-09-22T14:52:52+00:00","breadcrumb":{"@id":"https:\/\/bccf.countyofberks.com\/es\/minutas-de-la-reunion\/#breadcrumb"},"inLanguage":"es","potentialAction":[{"@type":"ReadAction","target":["https:\/\/bccf.countyofberks.com\/es\/minutas-de-la-reunion\/"]}]},{"@type":"BreadcrumbList","@id":"https:\/\/bccf.countyofberks.com\/es\/minutas-de-la-reunion\/#breadcrumb","itemListElement":[{"@type":"ListItem","position":1,"name":"Home","item":"https:\/\/bccf.countyofberks.com\/es\/pagina-principal\/"},{"@type":"ListItem","position":2,"name":"MINUTAS DE LA REUNI\u00d3N"}]},{"@type":"WebSite","@id":"https:\/\/bccf.countyofberks.com\/#website","url":"https:\/\/bccf.countyofberks.com\/","name":"Berks County Correctional Facility","description":"Beta Site","potentialAction":[{"@type":"SearchAction","target":{"@type":"EntryPoint","urlTemplate":"https:\/\/bccf.countyofberks.com\/?s={search_term_string}"},"query-input":{"@type":"PropertyValueSpecification","valueRequired":true,"valueName":"search_term_string"}}],"inLanguage":"es"}]}},"_links":{"self":[{"href":"https:\/\/bccf.countyofberks.com\/es\/wp-json\/wp\/v2\/pages\/243311","targetHints":{"allow":["GET"]}}],"collection":[{"href":"https:\/\/bccf.countyofberks.com\/es\/wp-json\/wp\/v2\/pages"}],"about":[{"href":"https:\/\/bccf.countyofberks.com\/es\/wp-json\/wp\/v2\/types\/page"}],"author":[{"embeddable":true,"href":"https:\/\/bccf.countyofberks.com\/es\/wp-json\/wp\/v2\/users\/1"}],"replies":[{"embeddable":true,"href":"https:\/\/bccf.countyofberks.com\/es\/wp-json\/wp\/v2\/comments?post=243311"}],"version-history":[{"count":32,"href":"https:\/\/bccf.countyofberks.com\/es\/wp-json\/wp\/v2\/pages\/243311\/revisions"}],"predecessor-version":[{"id":243651,"href":"https:\/\/bccf.countyofberks.com\/es\/wp-json\/wp\/v2\/pages\/243311\/revisions\/243651"}],"wp:attachment":[{"href":"https:\/\/bccf.countyofberks.com\/es\/wp-json\/wp\/v2\/media?parent=243311"}],"wp:term":[{"taxonomy":"dipi_cpt_category","embeddable":true,"href":"https:\/\/bccf.countyofberks.com\/es\/wp-json\/wp\/v2\/dipi_cpt_category?post=243311"}],"curies":[{"name":"wp","href":"https:\/\/api.w.org\/{rel}","templated":true}]}}